{"id":21704,"date":"2024-05-03T12:04:19","date_gmt":"2024-05-03T09:04:19","guid":{"rendered":"https:\/\/novaplusglobal.com\/reiseplan-ansehen\/"},"modified":"2024-08-22T12:29:52","modified_gmt":"2024-08-22T09:29:52","slug":"reiseplan-ansehen","status":"publish","type":"page","link":"https:\/\/novaplusglobal.com\/de\/reiseplan-ansehen\/","title":{"rendered":"Reiseplan ansehen"},"content":{"rendered":"\t\t<div data-elementor-type=\"wp-page\" data-elementor-id=\"21704\" class=\"elementor elementor-21704 elementor-7048\" data-elementor-settings=\"{&quot;element_pack_global_tooltip_width&quot;:{&quot;unit&quot;:&quot;px&quot;,&quot;size&quot;:&quot;&quot;,&quot;sizes&quot;:[]},&quot;element_pack_global_tooltip_width_tablet&quot;:{&quot;unit&quot;:&quot;px&quot;,&quot;size&quot;:&quot;&quot;,&quot;sizes&quot;:[]},&quot;element_pack_global_tooltip_width_mobile&quot;:{&quot;unit&quot;:&quot;px&quot;,&quot;size&quot;:&quot;&quot;,&quot;sizes&quot;:[]},&quot;element_pack_global_tooltip_padding&quot;:{&quot;unit&quot;:&quot;px&quot;,&quot;top&quot;:&quot;&quot;,&quot;right&quot;:&quot;&quot;,&quot;bottom&quot;:&quot;&quot;,&quot;left&quot;:&quot;&quot;,&quot;isLinked&quot;:true},&quot;element_pack_global_tooltip_padding_tablet&quot;:{&quot;unit&quot;:&quot;px&quot;,&quot;top&quot;:&quot;&quot;,&quot;right&quot;:&quot;&quot;,&quot;bottom&quot;:&quot;&quot;,&quot;left&quot;:&quot;&quot;,&quot;isLinked&quot;:true},&quot;element_pack_global_tooltip_padding_mobile&quot;:{&quot;unit&quot;:&quot;px&quot;,&quot;top&quot;:&quot;&quot;,&quot;right&quot;:&quot;&quot;,&quot;bottom&quot;:&quot;&quot;,&quot;left&quot;:&quot;&quot;,&quot;isLinked&quot;:true},&quot;element_pack_global_tooltip_border_radius&quot;:{&quot;unit&quot;:&quot;px&quot;,&quot;top&quot;:&quot;&quot;,&quot;right&quot;:&quot;&quot;,&quot;bottom&quot;:&quot;&quot;,&quot;left&quot;:&quot;&quot;,&quot;isLinked&quot;:true},&quot;element_pack_global_tooltip_border_radius_tablet&quot;:{&quot;unit&quot;:&quot;px&quot;,&quot;top&quot;:&quot;&quot;,&quot;right&quot;:&quot;&quot;,&quot;bottom&quot;:&quot;&quot;,&quot;left&quot;:&quot;&quot;,&quot;isLinked&quot;:true},&quot;element_pack_global_tooltip_border_radius_mobile&quot;:{&quot;unit&quot;:&quot;px&quot;,&quot;top&quot;:&quot;&quot;,&quot;right&quot;:&quot;&quot;,&quot;bottom&quot;:&quot;&quot;,&quot;left&quot;:&quot;&quot;,&quot;isLinked&quot;:true}}\" data-elementor-post-type=\"page\">\n\t\t\t\t<div class=\"elementor-element elementor-element-04109bb e-flex e-con-boxed e-con e-parent\" data-id=\"04109bb\" data-element_type=\"container\">\n\t\t\t\t\t<div class=\"e-con-inner\">\n\t\t\t\t<div class=\"elementor-element elementor-element-7987717 elementor-widget elementor-widget-heading\" data-id=\"7987717\" data-element_type=\"widget\" data-widget_type=\"heading.default\">\n\t\t\t\t<div class=\"elementor-widget-container\">\n\t\t\t<p class=\"elementor-heading-title elementor-size-default\">Arpanu Medical Reiseplan ansehen<\/p>\t\t<\/div>\n\t\t\t\t<\/div>\n\t\t\t\t\t<\/div>\n\t\t\t\t<\/div>\n\t\t<div class=\"elementor-element elementor-element-c8fe21d e-flex e-con-boxed e-con e-parent\" data-id=\"c8fe21d\" data-element_type=\"container\">\n\t\t\t\t\t<div class=\"e-con-inner\">\n\t\t\t\t<div class=\"elementor-element elementor-element-e664ce0 elementor-widget elementor-widget-bdt-timeline\" data-id=\"e664ce0\" data-element_type=\"widget\" data-widget_type=\"bdt-timeline.default\">\n\t\t\t\t<div class=\"elementor-widget-container\">\n\t\t\t\t\t<div id=\"bdt-timeline-e664ce0\" class=\"bdt-timeline bdt-timeline-skin-default bdt-timeline-center\">\n\t\t\t<div class=\"bdt-grid bdt-grid-collapse\" bdt-grid>\n\t\t\t\t\n\n\t\t\t\t\t<div\n\t\t\t\t\t\tclass=\" bdt-width-1-2@m bdt-timeline-item left-part\">\n\n\t\t\t\t\t\t<div class=\"bdt-timeline-item-main-wrapper\">\n\t\t\t\t\t\t\t<div class=\"bdt-timeline-line\">\n\t\t\t\t\t\t\t\t<span  bdt-parallax=&quot;opacity: 0,1;viewport: 0.2;&quot;><\/span>\n\t\t\t\t\t\t\t<\/div>\n\t\t\t\t\t\t\t<div class=\"bdt-timeline-item-main-container\">\n\t\t\t\t\t\t\t\t\n\t\t\t\t\t\t\t\t<div class=\"bdt-timeline-icon\"  bdt-scrollspy=&quot;cls: bdt-animation-scale-up;&quot;>\n\n\t\t\t\t\t\t\t\t\t<span>\n\n\t\t\t\t\t\t\t\t\t\t\t\t\t\t\t\t\t\t\t\t\t<svg xmlns:xlink=\"http:\/\/www.w3.org\/1999\/xlink\" xmlns=\"http:\/\/www.w3.org\/2000\/svg\" id=\"katman_1\" data-name=\"katman 1\" viewBox=\"0 0 283.46 283.46\" width=\"283.46\" height=\"283.46\"><defs><style>      .cls-1 {        fill: #13427c;      }    <\/style><\/defs><path class=\"cls-1\" d=\"M119.33,66.92v-13.85c0-23.99-19.51-43.51-43.5-43.51h-13.85c-23.99,0-43.5,19.52-43.5,43.51v13.85c0,23.99,19.51,43.5,43.5,43.5h13.85c23.99,0,43.5-19.51,43.5-43.5Zm-43.5,31.68h-13.85c-17.47,0-31.68-14.21-31.68-31.68v-13.85c0-17.47,14.21-31.68,31.68-31.68h13.85c17.47,0,31.68,14.21,31.68,31.68v13.85c0,17.47-14.21,31.68-31.68,31.68Z\" fill=\"#13427C\"><\/path><path class=\"cls-1\" d=\"M241.15,178h-24.27c-21.12,0-38.29,17.18-38.29,38.29v24.26c0,21.12,17.18,38.29,38.29,38.29h24.27c21.11,0,38.29-17.18,38.29-38.29v-24.26c0-21.12-17.18-38.29-38.29-38.29Zm26.46,62.56c0,14.59-11.87,26.47-26.46,26.47h-24.27c-14.59,0-26.47-11.87-26.47-26.47v-24.26c0-14.59,11.87-26.47,26.47-26.47h24.27c14.59,0,26.46,11.87,26.46,26.47v24.26Z\" fill=\"#13427C\"><\/path><path class=\"cls-1\" d=\"M97.57,221.24c-3.95-3.9-5.86-9.53-5.86-17.2,0-14.11,30.72-35.57,57.82-54.51,35.72-24.96,69.46-48.54,69.46-72.77,0-10.25-3.71-18.44-11.03-24.34-20.77-16.75-64.2-7.56-66.05-7.16l2.51,11.56c11.01-2.38,42.55-6.15,56.12,4.81,4.45,3.59,6.61,8.54,6.61,15.13,0,18.07-34.22,41.98-64.41,63.07-33.74,23.57-62.87,43.93-62.87,64.2,0,10.84,3.15,19.46,9.37,25.61,10.91,10.79,28.8,12.09,47.19,12.09,2.96,0,5.92-.03,8.88-.07,2.83-.03,5.63-.07,8.39-.07v-11.83c-2.8,0-5.65,.03-8.52,.07-18.91,.19-38.47,.44-47.62-8.61Z\" fill=\"#13427C\"><\/path><path class=\"cls-1\" d=\"M93.91,54.66h-16.86v-16.86c0-3.83-3.1-6.93-6.93-6.93s-6.93,3.1-6.93,6.93v16.86h-16.86c-3.83,0-6.93,3.1-6.93,6.93h0c0,3.83,3.1,6.93,6.93,6.93h16.86v16.86c0,3.83,3.1,6.93,6.93,6.93s6.93-3.1,6.93-6.93v-16.86h16.86c3.83,0,6.93-3.1,6.93-6.93h0c0-3.83-3.1-6.93-6.93-6.93Z\" fill=\"#13427C\"><\/path><path class=\"cls-1\" d=\"M252.8,220.07h-16.86v-16.86c0-3.83-3.1-6.93-6.93-6.93s-6.93,3.1-6.93,6.93v16.86h-16.86c-3.83,0-6.93,3.1-6.93,6.93s3.1,6.93,6.93,6.93h16.86v16.86c0,3.83,3.1,6.93,6.93,6.93s6.93-3.1,6.93-6.93v-16.86h16.86c3.83,0,6.93-3.1,6.93-6.93s-3.1-6.93-6.93-6.93Z\" fill=\"#13427C\"><\/path><\/svg>\t\t\t\t\t\t\t\t\t\t\n\t\t\t\t\t\t\t\t\t<\/span>\n\n\t\t\t\t\t\t\t\t<\/div>\n\t\t\t\t\t\t\t\t\t\t<div class=\"bdt-timeline-item-main elementor-repeater-item-ecf9ed3\"  bdt-parallax=\"opacity:0,1;x:-200,0;viewport: 0.5;\">\n\t\t\t<span class=\"bdt-timeline-arrow\"><\/span>\n\n\t\t\t\t\t\t<div class=\"bdt-timeline-thumbnail\">\n\t\t\t\t<img decoding=\"async\" src=\"https:\/\/novaplusglobal.com\/wp-content\/uploads\/2024\/05\/transportation-1.webp\" alt=\"Transport\" title=\"\">\n\t\t\t<\/div>\n\t\t\t\n\t\t\t<div class=\"bdt-timeline-desc bdt-padding\">\n\t\t\t\t\t\t<h2\t\t\tclass=\"bdt-timeline-title\">\n\t\t\t\t\t\t\t<span>\n\t\t\t\t\tTransport\t\t\t\t<\/span>\n\t\t\t\t\t<\/h2>\n\t\t\t\t\t\t\t\t\t\t\t\t\t<div class=\"bdt-timeline-excerpt\">\n\t\t\t\t<p><span data-sheets-root=\"1\">Es war noch nie so einfach, sich in der Stadt zurechtzufinden! Bei Ihrer Ankunft k\u00fcmmert sich unser Team um Ihren Flughafentransfer.<\/span><\/p>\t\t\t<\/div>\n\t\t\t\t\t\t\t\t\t\t<\/div>\n\t\t<\/div>\n\t\t\t\t\t\t\t\t\t<\/div>\n\t\t\t\t\t\t<\/div>\n\t\t\t\t\t<\/div>\n\n\t\t\t\t\t\t\t\t\t\t\t\t\t<div class=\"bdt-timeline-item bdt-width-1-2@m bdt-visible@m\">\n\t\t\t<div class=\"bdt-timeline-date bdt-text-\"  bdt-parallax=&quot;opacity: 0,1;x: 200,0;viewport: 0.5;&quot;>\n\t\t\t\t<span>\n\t\t\t\t\tSchritt 1\t\t\t\t<\/span>\n\t\t\t<\/div>\n\t\t<\/div>\n\t\t\t\t\t\t\t\n\t\t\t\t\t\t\t\t\t\t\t\t<div class=\"bdt-timeline-item bdt-width-1-2@m bdt-visible@m\">\n\t\t\t<div class=\"bdt-timeline-date bdt-text-right\"  bdt-parallax=&quot;opacity: 0,1;x: -200,0;viewport: 0.5;&quot;>\n\t\t\t\t<span>\n\t\t\t\t\tSchritt 2\t\t\t\t<\/span>\n\t\t\t<\/div>\n\t\t<\/div>\n\t\t\t\t\t\t\t\n\n\t\t\t\t\t<div\n\t\t\t\t\t\tclass=\" bdt-width-1-2@m bdt-timeline-item right-part\">\n\n\t\t\t\t\t\t<div class=\"bdt-timeline-item-main-wrapper\">\n\t\t\t\t\t\t\t<div class=\"bdt-timeline-line\">\n\t\t\t\t\t\t\t\t<span  bdt-parallax=&quot;opacity: 0,1;viewport: 0.2;&quot;><\/span>\n\t\t\t\t\t\t\t<\/div>\n\t\t\t\t\t\t\t<div class=\"bdt-timeline-item-main-container\">\n\t\t\t\t\t\t\t\t\n\t\t\t\t\t\t\t\t<div class=\"bdt-timeline-icon\"  bdt-scrollspy=&quot;cls: bdt-animation-scale-up;&quot;>\n\n\t\t\t\t\t\t\t\t\t<span>\n\n\t\t\t\t\t\t\t\t\t\t\t\t\t\t\t\t\t\t\t\t\t<svg xmlns:xlink=\"http:\/\/www.w3.org\/1999\/xlink\" xmlns=\"http:\/\/www.w3.org\/2000\/svg\" id=\"katman_1\" data-name=\"katman 1\" viewBox=\"0 0 283.46 283.46\" width=\"283.46\" height=\"283.46\"><defs><style>      .cls-1 {        fill: #13427c;      }    <\/style><\/defs><path class=\"cls-1\" d=\"M209.29,25.72v-6.6c0-7.23-5.86-13.09-13.09-13.09s-13.09,5.86-13.09,13.09v6.14H108.02v-6.14c0-7.23-5.86-13.09-13.09-13.09s-13.09,5.86-13.09,13.09v6.45c-34.73,3.16-62.03,32.4-62.03,67.94v113.56c0,37.63,30.62,68.25,68.25,68.25h113.56c37.64,0,68.26-30.62,68.26-68.25V93.52c0-35.04-26.55-63.97-60.59-67.8Zm45.11,181.35c0,29.1-23.68,52.78-52.78,52.78H88.06c-29.1,0-52.78-23.68-52.78-52.78V93.52c0-26.99,20.38-49.29,46.56-52.38v9.76c0,7.23,5.86,13.09,13.09,13.09s13.09-5.86,13.09-13.09v-10.16h75.09v10.16c0,7.23,5.86,13.09,13.09,13.09s13.09-5.86,13.09-13.09v-9.54c25.47,3.73,45.11,25.67,45.11,52.16v113.56Z\" fill=\"#13427C\"><\/path><path class=\"cls-1\" d=\"M99.62,122.61h112.47c7.22,0,13.09,5.86,13.09,13.09h0c0,7.22-5.86,13.09-13.09,13.09H99.62c-7.22,0-13.09-5.86-13.09-13.09h0c0-7.22,5.86-13.09,13.09-13.09Z\" fill=\"#13427C\"><\/path><path class=\"cls-1\" d=\"M148.95,185.83h-49.34c-7.23,0-13.09,5.86-13.09,13.09s5.86,13.09,13.09,13.09h49.34c7.23,0,13.09-5.86,13.09-13.09s-5.86-13.09-13.09-13.09Z\" fill=\"#13427C\"><\/path><\/svg>\t\t\t\t\t\t\t\t\t\t\n\t\t\t\t\t\t\t\t\t<\/span>\n\n\t\t\t\t\t\t\t\t<\/div>\n\t\t\t\t\t\t\t\t\t\t<div class=\"bdt-timeline-item-main elementor-repeater-item-dc4ab4a\"  bdt-parallax=\"opacity:0,1;x:200,0;viewport: 0.5;\">\n\t\t\t<span class=\"bdt-timeline-arrow\"><\/span>\n\n\t\t\t\t\t\t<div class=\"bdt-timeline-thumbnail\">\n\t\t\t\t<img decoding=\"async\" src=\"https:\/\/novaplusglobal.com\/wp-content\/uploads\/2024\/05\/medical-pllanning-2.webp\" alt=\"Planung\" title=\"\">\n\t\t\t<\/div>\n\t\t\t\n\t\t\t<div class=\"bdt-timeline-desc bdt-padding\">\n\t\t\t\t\t\t<h2\t\t\tclass=\"bdt-timeline-title\">\n\t\t\t\t\t\t\t<span>\n\t\t\t\t\tPlanung\t\t\t\t<\/span>\n\t\t\t\t\t<\/h2>\n\t\t\t\t\t\t\t\t\t\t\t\t\t<div class=\"bdt-timeline-excerpt\">\n\t\t\t\t<p><span data-sheets-root=\"1\">Abh\u00e4ngig von Ihrer Behandlung und den zus\u00e4tzlichen Leistungen, die Sie f\u00fcr Ihren Erholungsaufenthalt w\u00fcnschen, stellen wir Ihnen ein ma\u00dfgeschneidertes Programm zusammen, das Ihren Bed\u00fcrfnissen am besten entspricht.<\/span><\/p>\t\t\t<\/div>\n\t\t\t\t\t\t\t\t\t\t<\/div>\n\t\t<\/div>\n\t\t\t\t\t\t\t\t\t<\/div>\n\t\t\t\t\t\t<\/div>\n\t\t\t\t\t<\/div>\n\n\t\t\t\t\t\n\t\t\t\t\n\n\t\t\t\t\t<div\n\t\t\t\t\t\tclass=\" bdt-width-1-2@m bdt-timeline-item left-part\">\n\n\t\t\t\t\t\t<div class=\"bdt-timeline-item-main-wrapper\">\n\t\t\t\t\t\t\t<div class=\"bdt-timeline-line\">\n\t\t\t\t\t\t\t\t<span  bdt-parallax=&quot;opacity: 0,1;viewport: 0.2;&quot;><\/span>\n\t\t\t\t\t\t\t<\/div>\n\t\t\t\t\t\t\t<div class=\"bdt-timeline-item-main-container\">\n\t\t\t\t\t\t\t\t\n\t\t\t\t\t\t\t\t<div class=\"bdt-timeline-icon\"  bdt-scrollspy=&quot;cls: bdt-animation-scale-up;&quot;>\n\n\t\t\t\t\t\t\t\t\t<span>\n\n\t\t\t\t\t\t\t\t\t\t\t\t\t\t\t\t\t\t\t\t\t<svg xmlns:xlink=\"http:\/\/www.w3.org\/1999\/xlink\" xmlns=\"http:\/\/www.w3.org\/2000\/svg\" id=\"katman_1\" data-name=\"katman 1\" viewBox=\"0 0 283.46 283.46\" width=\"283.46\" height=\"283.46\"><defs><style>      .cls-1 {        fill: #13427c;      }    <\/style><\/defs><path class=\"cls-1\" d=\"M224.65,5.67h-63.89c-20.26,0-37.71,12.12-45.57,29.48-6.25-6.04-14.74-9.77-24.1-9.77-19.16,0-34.74,15.58-34.74,34.74v28.46h-2.98c-24.59,0-44.59,20.01-44.59,44.6v97.19c0,24.59,20.01,44.59,44.59,44.59H224.65c27.59,0,50.03-22.44,50.03-50.03V55.7c0-27.59-22.44-50.03-50.03-50.03ZM71.47,60.12c0-10.82,8.81-19.63,19.63-19.63s19.63,8.81,19.63,19.63v28.46h-39.26v-28.46ZM23.89,230.37v-97.19c0-16.26,13.23-29.49,29.48-29.49h57.35v156.16H53.38c-16.26,0-29.48-13.23-29.48-29.48Zm150.88,29.48v-36.62c0-9.33,7.59-16.91,16.91-16.91s16.91,7.58,16.91,16.91v36.62h-33.82Zm84.8-34.92c0,19.26-15.67,34.92-34.92,34.92h-.94v-36.62c0-17.66-14.37-32.02-32.02-32.02s-32.02,14.37-32.02,32.02v36.62h-33.82V55.7c0-19.25,15.67-34.92,34.92-34.92h63.89c19.26,0,34.92,15.67,34.92,34.92V224.93Z\" fill=\"#13427C\"><\/path><path class=\"cls-1\" d=\"M74.54,144.39c-4.57,0-8.28,3.7-8.28,8.28v47.34c0,4.57,3.7,8.28,8.28,8.28s8.27-3.7,8.27-8.28v-47.34c0-4.57-3.7-8.28-8.27-8.28Z\" fill=\"#13427C\"><\/path><path class=\"cls-1\" d=\"M170.51,83.97c-4.57,0-8.28,3.7-8.28,8.28v64.36c0,4.57,3.7,8.27,8.28,8.27s8.28-3.7,8.28-8.27V92.24c0-4.57-3.7-8.28-8.28-8.28Z\" fill=\"#13427C\"><\/path><path class=\"cls-1\" d=\"M221.63,83.97c-4.57,0-8.28,3.7-8.28,8.28v64.36c0,4.57,3.7,8.27,8.28,8.27s8.28-3.7,8.28-8.27V92.24c0-4.57-3.7-8.28-8.28-8.28Z\" fill=\"#13427C\"><\/path><\/svg>\t\t\t\t\t\t\t\t\t\t\n\t\t\t\t\t\t\t\t\t<\/span>\n\n\t\t\t\t\t\t\t\t<\/div>\n\t\t\t\t\t\t\t\t\t\t<div class=\"bdt-timeline-item-main elementor-repeater-item-137d14c\"  bdt-parallax=\"opacity:0,1;x:-200,0;viewport: 0.5;\">\n\t\t\t<span class=\"bdt-timeline-arrow\"><\/span>\n\n\t\t\t\t\t\t<div class=\"bdt-timeline-thumbnail\">\n\t\t\t\t<img decoding=\"async\" src=\"https:\/\/novaplusglobal.com\/wp-content\/uploads\/2024\/05\/accommadation.webp\" alt=\"Unterkunft\" title=\"\">\n\t\t\t<\/div>\n\t\t\t\n\t\t\t<div class=\"bdt-timeline-desc bdt-padding\">\n\t\t\t\t\t\t<h2\t\t\tclass=\"bdt-timeline-title\">\n\t\t\t\t\t\t\t<span>\n\t\t\t\t\tUnterkunft\t\t\t\t<\/span>\n\t\t\t\t\t<\/h2>\n\t\t\t\t\t\t\t\t\t\t\t\t\t<div class=\"bdt-timeline-excerpt\">\n\t\t\t\t<p><span data-sheets-root=\"1\">Sie wissen nicht, wo Sie \u00fcbernachten sollen? Gerne reservieren wir f\u00fcr Sie ein Hotelzimmer. Wir arbeiten mit einigen der besten Hotels in Istanbul in den besten Lagen zu Vorzugspreisen zusammen.<\/span><\/p>\t\t\t<\/div>\n\t\t\t\t\t\t\t\t\t\t<\/div>\n\t\t<\/div>\n\t\t\t\t\t\t\t\t\t<\/div>\n\t\t\t\t\t\t<\/div>\n\t\t\t\t\t<\/div>\n\n\t\t\t\t\t\t\t\t\t\t\t\t\t<div class=\"bdt-timeline-item bdt-width-1-2@m bdt-visible@m\">\n\t\t\t<div class=\"bdt-timeline-date bdt-text-\"  bdt-parallax=&quot;opacity: 0,1;x: 200,0;viewport: 0.5;&quot;>\n\t\t\t\t<span>\n\t\t\t\t\tSchritt 3\t\t\t\t<\/span>\n\t\t\t<\/div>\n\t\t<\/div>\n\t\t\t\t\t\t\t\n\t\t\t\t\t\t\t\t\t\t\t\t<div class=\"bdt-timeline-item bdt-width-1-2@m bdt-visible@m\">\n\t\t\t<div class=\"bdt-timeline-date bdt-text-right\"  bdt-parallax=&quot;opacity: 0,1;x: -200,0;viewport: 0.5;&quot;>\n\t\t\t\t<span>\n\t\t\t\t\tNachsorge\t\t\t\t<\/span>\n\t\t\t<\/div>\n\t\t<\/div>\n\t\t\t\t\t\t\t\n\n\t\t\t\t\t<div\n\t\t\t\t\t\tclass=\" bdt-width-1-2@m bdt-timeline-item right-part\">\n\n\t\t\t\t\t\t<div class=\"bdt-timeline-item-main-wrapper\">\n\t\t\t\t\t\t\t<div class=\"bdt-timeline-line\">\n\t\t\t\t\t\t\t\t<span  bdt-parallax=&quot;opacity: 0,1;viewport: 0.2;&quot;><\/span>\n\t\t\t\t\t\t\t<\/div>\n\t\t\t\t\t\t\t<div class=\"bdt-timeline-item-main-container\">\n\t\t\t\t\t\t\t\t\n\t\t\t\t\t\t\t\t<div class=\"bdt-timeline-icon\"  bdt-scrollspy=&quot;cls: bdt-animation-scale-up;&quot;>\n\n\t\t\t\t\t\t\t\t\t<span>\n\n\t\t\t\t\t\t\t\t\t\t\t\t\t\t\t\t\t\t\t\t\t<svg xmlns:xlink=\"http:\/\/www.w3.org\/1999\/xlink\" xmlns=\"http:\/\/www.w3.org\/2000\/svg\" id=\"katman_1\" data-name=\"katman 1\" viewBox=\"0 0 283.46 283.46\" width=\"283.46\" height=\"283.46\"><defs><style>      .cls-1 {        fill: #13427c;      }    <\/style><\/defs><path class=\"cls-1\" d=\"M193.38,246.92c0,4.69,3.82,8.5,8.51,8.5s8.5-3.82,8.5-8.5v-23.1h23.1c4.69,0,8.5-3.82,8.5-8.5s-3.82-8.51-8.5-8.51h-23.1v-23.1c0-4.69-3.82-8.51-8.5-8.51s-8.51,3.82-8.51,8.51v23.1h-23.1c-4.69,0-8.51,3.82-8.51,8.51s3.82,8.5,8.51,8.5h23.1v23.1Z\" fill=\"#13427C\"><\/path><path class=\"cls-1\" d=\"M258.15,154.3c12.16-19.53,18.11-38.8,18.19-58.91,.13-3.5-.17-6.79-.46-9.98l-.07-.8c-1.46-16.1-6-29.83-13.86-41.97-13.82-21.34-33.88-31.58-59.65-30.42-16.31,.74-31.18,6.92-45.46,18.89-5.67,4.76-10.75,10-15.13,15.62C124.53,25.54,106.19,14.66,84.07,12.53c-23.19-2.24-42.31,5.27-56.77,22.31-12.57,14.82-19.15,33.39-20.13,56.8-.69,16.63,2.92,32.9,11.04,49.72,7.95,16.47,19.25,31.73,35.58,48.03,22.5,22.47,49.42,42.06,82.29,59.9,3.69,2,7.61,2.01,11.28,.03,2.26-1.22,4.47-2.45,6.66-3.7,10.38,16.34,28.49,26.39,47.87,26.39,31.26,0,56.69-25.43,56.69-56.68,0-14.75-5.87-29.05-16.18-39.6,6.03-7.08,11.2-14.1,15.76-21.42Zm-56.27,18.73c23.32,0,42.29,18.97,42.29,42.29s-18.97,42.29-42.29,42.29-42.29-18.97-42.29-42.29,18.97-42.29,42.29-42.29Zm47.98-122.56c6.56,10.13,10.36,21.73,11.61,35.45l.07,.82c.27,2.88,.52,5.6,.4,8.48-.04,17.4-5.28,34.24-16.02,51.47-4.25,6.82-9.11,13.4-14.84,20.08-8.82-5.33-18.87-8.14-29.21-8.14-31.25,0-56.68,25.43-56.68,56.69,0,5.88,.9,11.66,2.68,17.22-2.02,1.15-4.07,2.3-6.14,3.44-31.09-16.99-56.55-35.58-77.79-56.79-15.14-15.12-25.56-29.13-32.78-44.09-7.07-14.64-10.21-28.66-9.62-42.86,.84-20.08,6.31-35.81,16.72-48.09,9.91-11.68,22.74-17.6,38.16-17.6,2.04,0,4.13,.1,6.26,.31,18.25,1.76,33.62,11.16,48.37,29.6,1.07,1.34,2.19,2.78,3.07,4.26,2.33,3.9,5.32,4.77,7.44,4.82,2.17,.07,5.14-.75,7.65-4.58,4.53-6.89,10.2-13.22,16.87-18.81,11.76-9.87,23.82-14.95,36.86-15.54,20.6-.92,35.92,6.89,46.92,23.86Z\" fill=\"#13427C\"><\/path><\/svg>\t\t\t\t\t\t\t\t\t\t\n\t\t\t\t\t\t\t\t\t<\/span>\n\n\t\t\t\t\t\t\t\t<\/div>\n\t\t\t\t\t\t\t\t\t\t<div class=\"bdt-timeline-item-main elementor-repeater-item-9a468a0\"  bdt-parallax=\"opacity:0,1;x:200,0;viewport: 0.5;\">\n\t\t\t<span class=\"bdt-timeline-arrow\"><\/span>\n\n\t\t\t\t\t\t<div class=\"bdt-timeline-thumbnail\">\n\t\t\t\t<img decoding=\"async\" src=\"https:\/\/novaplusglobal.com\/wp-content\/uploads\/2024\/05\/aftercare-1.webp\" alt=\"Cuidados posteriores\" title=\"\">\n\t\t\t<\/div>\n\t\t\t\n\t\t\t<div class=\"bdt-timeline-desc bdt-padding\">\n\t\t\t\t\t\t<h2\t\t\tclass=\"bdt-timeline-title\">\n\t\t\t\t\t\t\t<span>\n\t\t\t\t\tCuidados posteriores\t\t\t\t<\/span>\n\t\t\t\t\t<\/h2>\n\t\t\t\t\t\t\t\t\t\t\t\t\t<div class=\"bdt-timeline-excerpt\">\n\t\t\t\t<p><span data-sheets-root=\"1\">Nach Ihrer Behandlung werden Sie von hoch qualifiziertem medizinischem Personal mit gro\u00dfer Kompetenz betreut und jedes noch so kleine Detail wird mit gr\u00f6\u00dfter Sorgfalt und Gewissenhaftigkeit behandelt.<\/span><\/p>\t\t\t<\/div>\n\t\t\t\t\t\t\t\t\t\t<\/div>\n\t\t<\/div>\n\t\t\t\t\t\t\t\t\t<\/div>\n\t\t\t\t\t\t<\/div>\n\t\t\t\t\t<\/div>\n\n\t\t\t\t\t\n\t\t\t\t\n\n\t\t\t\t\t<div\n\t\t\t\t\t\tclass=\" bdt-width-1-2@m bdt-timeline-item left-part\">\n\n\t\t\t\t\t\t<div class=\"bdt-timeline-item-main-wrapper\">\n\t\t\t\t\t\t\t<div class=\"bdt-timeline-line\">\n\t\t\t\t\t\t\t\t<span  bdt-parallax=&quot;opacity: 0,1;viewport: 0.2;&quot;><\/span>\n\t\t\t\t\t\t\t<\/div>\n\t\t\t\t\t\t\t<div class=\"bdt-timeline-item-main-container\">\n\t\t\t\t\t\t\t\t\n\t\t\t\t\t\t\t\t<div class=\"bdt-timeline-icon\"  bdt-scrollspy=&quot;cls: bdt-animation-scale-up;&quot;>\n\n\t\t\t\t\t\t\t\t\t<span>\n\n\t\t\t\t\t\t\t\t\t\t\t\t\t\t\t\t\t\t\t\t\t<svg xmlns:xlink=\"http:\/\/www.w3.org\/1999\/xlink\" xmlns=\"http:\/\/www.w3.org\/2000\/svg\" id=\"katman_1\" data-name=\"katman 1\" viewBox=\"0 0 283.46 283.46\" width=\"283.46\" height=\"283.46\"><defs><style>      .cls-1 {        fill: #13427c;      }    <\/style><\/defs><path class=\"cls-1\" d=\"M141.73,279.01c-3.12,0-6.24-1.19-8.61-3.56l-28.09-28.09c-2.72-2.72-6.33-4.21-10.17-4.21H55.13c-6.72,0-12.19-5.46-12.19-12.18v-39.11c0-4.23-1.65-8.21-4.64-11.21l-27.66-27.66c-4.75-4.75-4.75-12.48,0-17.23l28.43-28.43c2.5-2.5,3.87-5.82,3.87-9.35V57.77c0-6.72,5.47-12.18,12.19-12.18h39.44c4.03,0,7.81-1.57,10.66-4.41l27.89-27.89c4.75-4.76,12.48-4.75,17.23,0l27.89,27.89c2.85,2.84,6.63,4.41,10.65,4.41h39.44c6.72,0,12.18,5.46,12.18,12.18v40.21c0,3.53,1.37,6.85,3.87,9.35l28.43,28.43c4.75,4.75,4.75,12.48,0,17.23l-27.66,27.66c-2.99,3-4.64,6.98-4.64,11.21v39.11c0,6.72-5.46,12.18-12.18,12.18h-39.72c-3.84,0-7.46,1.5-10.18,4.21l-28.09,28.09c-2.38,2.38-5.5,3.56-8.62,3.56Zm-84.28-50.37h37.4c7.72,0,14.98,3.01,20.43,8.46l26.44,26.44,26.45-26.44c5.46-5.46,12.71-8.46,20.43-8.46h37.4v-36.79c0-8.11,3.16-15.73,8.89-21.47l26.01-26.02-26.79-26.79c-5.24-5.23-8.12-12.2-8.12-19.6V60.09h-37.12c-7.9,0-15.33-3.08-20.91-8.66l-26.24-26.24-26.25,26.24c-5.59,5.59-13.01,8.66-20.91,8.66H57.45v37.88c0,7.4-2.88,14.37-8.12,19.6l-26.79,26.79,26.02,26.02c5.73,5.74,8.89,13.36,8.89,21.47v36.79Z\" fill=\"#13427C\"><\/path><path class=\"cls-1\" d=\"M130.15,178.07l-32.32-32.32c-2.2-2.2-2.2-5.78,0-7.98l2.27-2.27c2.2-2.2,5.78-2.2,7.98,0l22.07,22.07,45.24-45.24c2.2-2.2,5.78-2.2,7.98,0l2.27,2.27c2.2,2.2,2.2,5.78,0,7.98l-55.49,55.49Z\" fill=\"#13427C\"><\/path><\/svg>\t\t\t\t\t\t\t\t\t\t\n\t\t\t\t\t\t\t\t\t<\/span>\n\n\t\t\t\t\t\t\t\t<\/div>\n\t\t\t\t\t\t\t\t\t\t<div class=\"bdt-timeline-item-main elementor-repeater-item-af0d5ac\"  bdt-parallax=\"opacity:0,1;x:-200,0;viewport: 0.5;\">\n\t\t\t<span class=\"bdt-timeline-arrow\"><\/span>\n\n\t\t\t\t\t\t<div class=\"bdt-timeline-thumbnail\">\n\t\t\t\t<img decoding=\"async\" src=\"https:\/\/novaplusglobal.com\/wp-content\/uploads\/2024\/05\/recovery.webp\" alt=\"Erholung\" title=\"\">\n\t\t\t<\/div>\n\t\t\t\n\t\t\t<div class=\"bdt-timeline-desc bdt-padding\">\n\t\t\t\t\t\t<h2\t\t\tclass=\"bdt-timeline-title\">\n\t\t\t\t\t\t\t<span>\n\t\t\t\t\tErholung\t\t\t\t<\/span>\n\t\t\t\t\t<\/h2>\n\t\t\t\t\t\t\t\t\t\t\t\t\t<div class=\"bdt-timeline-excerpt\">\n\t\t\t\t<p><span data-sheets-root=\"1\">F\u00fcr uns ist der Genesungsprozess genauso wichtig wie die Operation selbst. Wir verpflichten uns, Ihnen auch nach der Operation zur Seite zu stehen und Sie bei all Ihren Fragen und Anliegen zu unterst\u00fctzen.<\/span><\/p>\t\t\t<\/div>\n\t\t\t\t\t\t\t\t\t\t<\/div>\n\t\t<\/div>\n\t\t\t\t\t\t\t\t\t<\/div>\n\t\t\t\t\t\t<\/div>\n\t\t\t\t\t<\/div>\n\n\t\t\t\t\t\t\t\t\t\t\t\t\t<div class=\"bdt-timeline-item bdt-width-1-2@m bdt-visible@m\">\n\t\t\t<div class=\"bdt-timeline-date bdt-text-\"  bdt-parallax=&quot;opacity: 0,1;x: 200,0;viewport: 0.5;&quot;>\n\t\t\t\t<span>\n\t\t\t\t\tSchritt 5\t\t\t\t<\/span>\n\t\t\t<\/div>\n\t\t<\/div>\n\t\t\t\t\t\t\t\n\t\t\t\t\n\t\t\t\t\n\t\t\t<\/div>\n\t\t<\/div>\n\t\t\t\t<\/div>\n\t\t\t\t<\/div>\n\t\t\t\t\t<\/div>\n\t\t\t\t<\/div>\n\t\t<div class=\"elementor-element elementor-element-1793e94 e-flex e-con-boxed e-con e-parent\" data-id=\"1793e94\" data-element_type=\"container\">\n\t\t\t\t\t<div class=\"e-con-inner\">\n\t\t\t\t<div class=\"elementor-element elementor-element-7d72e8d elementor-align-center elementor-mobile-align-justify wp-link elementor-widget elementor-widget-bdt-advanced-button\" data-id=\"7d72e8d\" data-element_type=\"widget\" data-widget_type=\"bdt-advanced-button.default\">\n\t\t\t\t<div class=\"elementor-widget-container\">\n\t\t\t\t\t<div class=\"bdt-ep-button-wrapper\">\n\t\t\t<a href=\"https:\/\/wa.me\/905469029036?text=Hallo,%20ich%20m\u00f6chte%20mich%20\u00fcber%20Ihre%20Leistungen%20und%20Preise%20informieren!\" target=\"_blank\" class=\"bdt-ep-button bdt-ep-button-effect-b bdt-ep-button-size-md\" rel=\"nofollow noopener\">\n\t\t\t\t\t\t<div class=\"bdt-ep-button-content-wrapper bdt-flex bdt-flex-middle bdt-flex-center  \" data-text=\"Reiseplan ansehen\">\n\t\t\t\t\t\t\t<div class=\"bdt-ep-button-icon bdt-flex-center bdt-flex-align-left\">\n\t\t\t\t\t<div class=\"bdt-ep-button-icon-inner\">\n\n\t\t\t\t\t\t<svg aria-hidden=\"true\" class=\"fa-fw e-font-icon-svg e-fab-whatsapp\" viewBox=\"0 0 448 512\" xmlns=\"http:\/\/www.w3.org\/2000\/svg\"><path d=\"M380.9 97.1C339 55.1 283.2 32 223.9 32c-122.4 0-222 99.6-222 222 0 39.1 10.2 77.3 29.6 111L0 480l117.7-30.9c32.4 17.7 68.9 27 106.1 27h.1c122.3 0 224.1-99.6 224.1-222 0-59.3-25.2-115-67.1-157zm-157 341.6c-33.2 0-65.7-8.9-94-25.7l-6.7-4-69.8 18.3L72 359.2l-4.4-7c-18.5-29.4-28.2-63.3-28.2-98.2 0-101.7 82.8-184.5 184.6-184.5 49.3 0 95.6 19.2 130.4 54.1 34.8 34.9 56.2 81.2 56.1 130.5 0 101.8-84.9 184.6-186.6 184.6zm101.2-138.2c-5.5-2.8-32.8-16.2-37.9-18-5.1-1.9-8.8-2.8-12.5 2.8-3.7 5.6-14.3 18-17.6 21.8-3.2 3.7-6.5 4.2-12 1.4-32.6-16.3-54-29.1-75.5-66-5.7-9.8 5.7-9.1 16.3-30.3 1.8-3.7.9-6.9-.5-9.7-1.4-2.8-12.5-30.1-17.1-41.2-4.5-10.8-9.1-9.3-12.5-9.5-3.2-.2-6.9-.2-10.6-.2-3.7 0-9.7 1.4-14.8 6.9-5.1 5.6-19.4 19-19.4 46.3 0 27.3 19.9 53.7 22.6 57.4 2.8 3.7 39.1 59.7 94.8 83.8 35.2 15.2 49 16.5 66.6 13.9 10.7-1.6 32.8-13.4 37.4-26.4 4.6-13 4.6-24.1 3.2-26.4-1.3-2.5-5-3.9-10.5-6.6z\"><\/path><\/svg>\n\t\t\t\t\t<\/div>\n\t\t\t\t<\/div>\n\t\t\t\n\t\t\t<div class=\"bdt-ep-button-text\">\n\n\t\t\t\t<span class=\"avdbtn-text\">\n\t\t\t\t\tReiseplan ansehen\t\t\t\t<\/span>\n\n\t\t\t\t\t\t\t<\/div>\n\n\t\t\t\n\t\t<\/div>\n\t\t\t\t\t<\/a>\n\t\t<\/div>\n\t\t\t\t<\/div>\n\t\t\t\t<\/div>\n\t\t\t\t\t<\/div>\n\t\t\t\t<\/div>\n\t\t\t\t<\/div>\n\t\t","protected":false},"excerpt":{"rendered":"<p>Arpanu Medical Reiseplan ansehen Transport Es war noch nie so einfach, sich in der Stadt zurechtzufinden! Bei Ihrer Ankunft k\u00fcmmert sich unser Team um Ihren Flughafentransfer. Schritt 1 Schritt 2 Planung Abh\u00e4ngig von Ihrer Behandlung und den zus\u00e4tzlichen Leistungen, die Sie f\u00fcr Ihren Erholungsaufenthalt w\u00fcnschen, stellen wir Ihnen ein ma\u00dfgeschneidertes Programm zusammen, das Ihren Bed\u00fcrfnissen [&hellip;]<\/p>\n","protected":false},"author":1,"featured_media":0,"parent":0,"menu_order":0,"comment_status":"closed","ping_status":"closed","template":"elementor_theme","meta":{"rank_math_lock_modified_date":false,"footnotes":""},"class_list":["post-21704","page","type-page","status-publish","hentry"],"acf":[],"_links":{"self":[{"href":"https:\/\/novaplusglobal.com\/de\/wp-json\/wp\/v2\/pages\/21704"}],"collection":[{"href":"https:\/\/novaplusglobal.com\/de\/wp-json\/wp\/v2\/pages"}],"about":[{"href":"https:\/\/novaplusglobal.com\/de\/wp-json\/wp\/v2\/types\/page"}],"author":[{"embeddable":true,"href":"https:\/\/novaplusglobal.com\/de\/wp-json\/wp\/v2\/users\/1"}],"replies":[{"embeddable":true,"href":"https:\/\/novaplusglobal.com\/de\/wp-json\/wp\/v2\/comments?post=21704"}],"version-history":[{"count":0,"href":"https:\/\/novaplusglobal.com\/de\/wp-json\/wp\/v2\/pages\/21704\/revisions"}],"wp:attachment":[{"href":"https:\/\/novaplusglobal.com\/de\/wp-json\/wp\/v2\/media?parent=21704"}],"curies":[{"name":"wp","href":"https:\/\/api.w.org\/{rel}","templated":true}]}}